{"id":15633,"date":"2023-03-30T10:33:51","date_gmt":"2023-03-30T07:33:51","guid":{"rendered":"https:\/\/vertical.ro\/?page_id=15633"},"modified":"2023-07-06T14:20:58","modified_gmt":"2023-07-06T11:20:58","slug":"resources","status":"publish","type":"page","link":"https:\/\/vertical.ro\/en\/resurse\/","title":{"rendered":"Resources"},"content":{"rendered":"\t\t<div data-elementor-type=\"wp-page\" data-elementor-id=\"15633\" class=\"elementor elementor-15633\" data-elementor-post-type=\"page\">\n\t\t\t\t\t\t<section class=\"elementor-section elementor-top-section elementor-element elementor-element-ac2c129 elementor-section-stretched elementor-section-boxed elementor-section-height-default elementor-section-height-default\" data-id=\"ac2c129\" data-element_type=\"section\" data-e-type=\"section\" data-settings=\"{&quot;stretch_section&quot;:&quot;section-stretched&quot;}\">\n\t\t\t\t\t\t<div class=\"elementor-container elementor-column-gap-default\">\n\t\t\t\t\t<div class=\"elementor-column elementor-col-100 elementor-top-column elementor-element elementor-element-6f62863\" data-id=\"6f62863\" data-element_type=\"column\" data-e-type=\"column\">\n\t\t\t<div class=\"elementor-widget-wrap elementor-element-populated\">\n\t\t\t\t\t\t<div class=\"elementor-element elementor-element-d0faebf elementor-widget elementor-widget-shortcode\" data-id=\"d0faebf\" data-element_type=\"widget\" data-e-type=\"widget\" data-widget_type=\"shortcode.default\">\n\t\t\t\t<div class=\"elementor-widget-container\">\n\t\t\t\t\t\t\t<div class=\"elementor-shortcode\"><div class=\"brosuri-descarcabile\"><div class=\"brosura-container\">\n        <div class=\"thumb-brosura\">\n            <img decoding=\"async\" src=\"https:\/\/vertical.ro\/wp-content\/uploads\/2023\/04\/brosura-panouri.jpg\">\n        <\/div>\n        <a class=\"industrium-button buton-descarca-brosura\" href=\"#\" data-nume-brosura=\"Panouri deco\" data-link-brosura=\"aHR0cHM6Ly92ZXJ0aWNhbC5yby93cC1jb250ZW50L3VwbG9hZHMvMjAyMy8wNC9WZXJ0aWNhbF9EZXNpZ25fUGFub3VyaV9EZWNvLnBkZg==\">\n        Descarc\u0103 bro\u0219ura<svg viewBox=\"0 0 13 20\"><polyline points=\"0.5 19.5 3 19.5 12.5 10 3 0.5\"><\/polyline><\/svg>\n        <\/a><\/div><div class=\"brosura-container\">\n        <div class=\"thumb-brosura\">\n            <img decoding=\"async\" src=\"https:\/\/vertical.ro\/wp-content\/uploads\/2023\/04\/brosura-office.jpg\">\n        <\/div>\n        <a class=\"industrium-button buton-descarca-brosura\" href=\"#\" data-nume-brosura=\"Office\" data-link-brosura=\"aHR0cHM6Ly92ZXJ0aWNhbC5yby93cC1jb250ZW50L3VwbG9hZHMvMjAyMy8wNC9WZXJ0aWNhbF9EZXNpZ25fT2ZmaWNlLnBkZg==\">\n        Descarc\u0103 bro\u0219ura<svg viewBox=\"0 0 13 20\"><polyline points=\"0.5 19.5 3 19.5 12.5 10 3 0.5\"><\/polyline><\/svg>\n        <\/a><\/div><div class=\"brosura-container\">\n        <div class=\"thumb-brosura\">\n            <img decoding=\"async\" src=\"https:\/\/vertical.ro\/wp-content\/uploads\/2023\/04\/brosura-medical.jpg\">\n        <\/div>\n        <a class=\"industrium-button buton-descarca-brosura\" href=\"#\" data-nume-brosura=\"Medical\" data-link-brosura=\"aHR0cHM6Ly92ZXJ0aWNhbC5yby93cC1jb250ZW50L3VwbG9hZHMvMjAyMy8wNC9WZXJ0aWNhbF9EZXNpZ25fTWVkaWNhbC5wZGY=\">\n        Descarc\u0103 bro\u0219ura<svg viewBox=\"0 0 13 20\"><polyline points=\"0.5 19.5 3 19.5 12.5 10 3 0.5\"><\/polyline><\/svg>\n        <\/a><\/div><div class=\"brosura-container\">\n        <div class=\"thumb-brosura\">\n            <img decoding=\"async\" src=\"https:\/\/vertical.ro\/wp-content\/uploads\/2023\/04\/brosura-industrial.jpg\">\n        <\/div>\n        <a class=\"industrium-button buton-descarca-brosura\" href=\"#\" data-nume-brosura=\"Industrial\" data-link-brosura=\"aHR0cHM6Ly92ZXJ0aWNhbC5yby93cC1jb250ZW50L3VwbG9hZHMvMjAyMy8wNC9WZXJ0aWNhbF9EZXNpZ25fSW5kdXN0cmlhbC5wZGY=\">\n        Descarc\u0103 bro\u0219ura<svg viewBox=\"0 0 13 20\"><polyline points=\"0.5 19.5 3 19.5 12.5 10 3 0.5\"><\/polyline><\/svg>\n        <\/a><\/div><div class=\"brosura-container\">\n        <div class=\"thumb-brosura\">\n            <img decoding=\"async\" src=\"https:\/\/vertical.ro\/wp-content\/uploads\/2023\/04\/brosura-horeca.jpg\">\n        <\/div>\n        <a class=\"industrium-button buton-descarca-brosura\" href=\"#\" data-nume-brosura=\"Horeca\" data-link-brosura=\"aHR0cHM6Ly92ZXJ0aWNhbC5yby93cC1jb250ZW50L3VwbG9hZHMvMjAyMy8wNC9WZXJ0aWNhbF9EZXNpZ25fSG9SZUNhLnBkZg==\">\n        Descarc\u0103 bro\u0219ura<svg viewBox=\"0 0 13 20\"><polyline points=\"0.5 19.5 3 19.5 12.5 10 3 0.5\"><\/polyline><\/svg>\n        <\/a><\/div><div class=\"brosura-container\">\n        <div class=\"thumb-brosura\">\n            <img decoding=\"async\" src=\"https:\/\/vertical.ro\/wp-content\/uploads\/2023\/04\/brosura-sanitare.jpg\">\n        <\/div>\n        <a class=\"industrium-button buton-descarca-brosura\" href=\"#\" data-nume-brosura=\"Sanitare\" data-link-brosura=\"aHR0cHM6Ly92ZXJ0aWNhbC5yby93cC1jb250ZW50L3VwbG9hZHMvMjAyMy8wNC9WZXJ0aWNhbF9EZXNpZ25fQ29tcGFydGltZW50YXJpX1Nhbml0YXJlLnBkZg==\">\n        Descarc\u0103 bro\u0219ura<svg viewBox=\"0 0 13 20\"><polyline points=\"0.5 19.5 3 19.5 12.5 10 3 0.5\"><\/polyline><\/svg>\n        <\/a><\/div><\/div><script>document.addEventListener( \"wpcf7mailsent\", function( event ) {\n      if(event.detail.contactFormId == \"17637\") {\n      location = document.getElementsByClassName(\"link-brosura\")[0].value;\n      }\n  }, false )<\/script><\/div>\n\t\t\t\t\t\t<\/div>\n\t\t\t\t<\/div>\n\t\t\t\t\t<\/div>\n\t\t<\/div>\n\t\t\t\t\t<\/div>\n\t\t<\/section>\n\t\t\t\t<section class=\"elementor-section elementor-top-section elementor-element elementor-element-35b6ccd formular-pagina-resurse elementor-section-stretched elementor-section-boxed elementor-section-height-default elementor-section-height-default\" data-id=\"35b6ccd\" data-element_type=\"section\" data-e-type=\"section\" id=\"zona-formular\" data-settings=\"{&quot;background_background&quot;:&quot;classic&quot;,&quot;stretch_section&quot;:&quot;section-stretched&quot;}\">\n\t\t\t\t\t\t<div class=\"elementor-container elementor-column-gap-default\">\n\t\t\t\t\t<div class=\"elementor-column elementor-col-100 elementor-top-column elementor-element elementor-element-b31ab8d\" data-id=\"b31ab8d\" data-element_type=\"column\" data-e-type=\"column\">\n\t\t\t<div class=\"elementor-widget-wrap elementor-element-populated\">\n\t\t\t\t\t\t<div class=\"elementor-element elementor-element-10b2462 animated-fast decoration-type-1 elementor-invisible elementor-widget elementor-widget-industrium_decoration\" data-id=\"10b2462\" data-element_type=\"widget\" data-e-type=\"widget\" data-settings=\"{&quot;_animation&quot;:&quot;industrium_decoration&quot;,&quot;_animation_delay&quot;:800}\" data-widget_type=\"industrium_decoration.default\">\n\t\t\t\t<div class=\"elementor-widget-container\">\n\t\t\t\t\t        <div class=\"decoration-widget\">\n            <div class=\"decoration-container\">\n                <div class=\"industrium-decoration\">\n                    <div><\/div><div><\/div><div><\/div>\n                <\/div>\n            <\/div>\n        <\/div>\n        \t\t\t\t<\/div>\n\t\t\t\t<\/div>\n\t\t\t\t<div class=\"elementor-element elementor-element-b6c49cb elementor-widget elementor-widget-industrium_heading\" data-id=\"b6c49cb\" data-element_type=\"widget\" data-e-type=\"widget\" data-widget_type=\"industrium_heading.default\">\n\t\t\t\t<div class=\"elementor-widget-container\">\n\t\t\t\t\t<div class=\"industrium-heading-widget\"><h2 class=\"industrium-heading\"><span class=\"industrium-heading-content\">Descarc\u0103 bro\u0219ura<\/span><\/h2><\/div>\t\t\t\t<\/div>\n\t\t\t\t<\/div>\n\t\t\t\t<div class=\"elementor-element elementor-element-a442ad1 elementor-widget elementor-widget-elementskit-contact-form7\" data-id=\"a442ad1\" data-element_type=\"widget\" data-e-type=\"widget\" data-widget_type=\"elementskit-contact-form7.default\">\n\t\t\t\t<div class=\"elementor-widget-container\">\n\t\t\t\t\t<div class=\"ekit-wid-con\" ><div class=\"ekit-form\">\n<div class=\"wpcf7 no-js\" id=\"wpcf7-f17637-p15633-o1\" lang=\"ro-RO\" dir=\"ltr\" data-wpcf7-id=\"17637\">\n<div class=\"screen-reader-response\"><p role=\"status\" aria-live=\"polite\" aria-atomic=\"true\"><\/p> <ul><\/ul><\/div>\n<form action=\"\/resurse\/#wpcf7-f17637-p15633-o1\" method=\"post\" class=\"wpcf7-form init\" aria-label=\"Formular de contact\" novalidate=\"novalidate\" data-status=\"init\">\n<fieldset class=\"hidden-fields-container\"><input type=\"hidden\" name=\"_wpcf7\" value=\"17637\" \/><input type=\"hidden\" name=\"_wpcf7_version\" value=\"6.1.5\" \/><input type=\"hidden\" name=\"_wpcf7_locale\" value=\"ro_RO\" \/><input type=\"hidden\" name=\"_wpcf7_unit_tag\" value=\"wpcf7-f17637-p15633-o1\" \/><input type=\"hidden\" name=\"_wpcf7_container_post\" value=\"15633\" \/><input type=\"hidden\" name=\"_wpcf7_posted_data_hash\" value=\"\" \/><input type=\"hidden\" name=\"_wpcf7_recaptcha_response\" value=\"\" \/>\n<\/fieldset>\n<div class=\"form_sent\">\n\t<p>Aplica\u021bia ta a fost trimis\u0103!\n\t<\/p>\n<\/div>\n<div class=\"form_sent_error\">\n\t<p>Nu se poate trimite cererea dvs., v\u0103 rug\u0103m s\u0103 \u00eencerca\u021bi din nou mai t\u00e2rziu.\n\t<\/p>\n<\/div>\n<div class=\"form_layer\">\n<div class=\"wpcf7-response-output\" aria-hidden=\"true\"><\/div>\n<input class=\"wpcf7-form-control wpcf7-hidden nume-brosura\" value=\"\" type=\"hidden\" name=\"nume-brosura\" \/>\n<input class=\"wpcf7-form-control wpcf7-hidden link-brosura\" value=\"\" type=\"hidden\" name=\"link-brosura\" \/>\n\t<div class=\"formular-brosura\">\n\t\t<div class=\"formular-brosura-left\">\n\t\t\t<p><label> <span class=\"wpcf7-form-control-wrap\" data-name=\"nume\"><input size=\"40\" maxlength=\"400\" class=\"wpcf7-form-control wpcf7-text\" aria-invalid=\"false\" placeholder=\"Nume\" value=\"\" type=\"text\" name=\"nume\" \/><\/span> <\/label><br \/>\n<label> <span class=\"wpcf7-form-control-wrap\" data-name=\"prenume\"><input size=\"40\" maxlength=\"400\" class=\"wpcf7-form-control wpcf7-text\" aria-invalid=\"false\" placeholder=\"Prenume\" value=\"\" type=\"text\" name=\"prenume\" \/><\/span> <\/label><br \/>\n<label> <span class=\"wpcf7-form-control-wrap\" data-name=\"email\"><input size=\"40\" maxlength=\"400\" class=\"wpcf7-form-control wpcf7-email wpcf7-validates-as-required wpcf7-text wpcf7-validates-as-email\" aria-required=\"true\" aria-invalid=\"false\" placeholder=\"E-mail*\" value=\"\" type=\"email\" name=\"email\" \/><\/span> <\/label>\n\t\t\t<\/p>\n\t\t<\/div>\n\t\t<div class=\"formular-brosura-right\">\n\t\t\t<p><label> <span class=\"wpcf7-form-control-wrap\" data-name=\"telefon\"><input size=\"40\" maxlength=\"400\" class=\"wpcf7-form-control wpcf7-tel wpcf7-text wpcf7-validates-as-tel\" aria-invalid=\"false\" placeholder=\"Telefon\" value=\"\" type=\"tel\" name=\"telefon\" \/><\/span> <\/label>\n\t\t\t<\/p>\n\t\t\t<p><span class=\"wpcf7-form-control-wrap\" data-name=\"acceptance-99\"><span class=\"wpcf7-form-control wpcf7-acceptance\"><span class=\"wpcf7-list-item\"><label><input type=\"checkbox\" name=\"acceptance-99\" value=\"1\" aria-invalid=\"false\" \/><span class=\"wpcf7-list-item-label\">Sunt de acord cu prelucrarea datelor personale conform <a href=\"\/politica-de-confidentialitate\" target=\"_blank\">Politicii de confiden\u021bialitate<\/a><\/span><\/label><\/span><\/span><\/span>\n\t\t\t<\/p>\n\t\t\t<p><input class=\"wpcf7-form-control wpcf7-submit has-spinner submit-form-brosura\" type=\"submit\" value=\"Descarc\u0103\" \/>\n\t\t\t<\/p>\n\t\t<\/div>\n\t<\/div>\n<\/div>\n<\/form>\n<\/div>\n<\/div><\/div>\t\t\t\t<\/div>\n\t\t\t\t<\/div>\n\t\t\t\t\t<\/div>\n\t\t<\/div>\n\t\t\t\t\t<\/div>\n\t\t<\/section>\n\t\t\t\t<section class=\"elementor-section elementor-top-section elementor-element elementor-element-5f7678a elementor-hidden-widescreen elementor-hidden-desktop elementor-hidden-laptop elementor-hidden-tablet_extra elementor-hidden-tablet elementor-hidden-mobile_extra elementor-hidden-mobile elementor-section-boxed elementor-section-height-default elementor-section-height-default\" data-id=\"5f7678a\" data-element_type=\"section\" data-e-type=\"section\">\n\t\t\t\t\t\t<div class=\"elementor-container elementor-column-gap-default\">\n\t\t\t\t\t<div class=\"elementor-column elementor-col-100 elementor-top-column elementor-element elementor-element-5e0a929\" data-id=\"5e0a929\" data-element_type=\"column\" data-e-type=\"column\">\n\t\t\t<div class=\"elementor-widget-wrap elementor-element-populated\">\n\t\t\t\t\t\t<div class=\"elementor-element elementor-element-1fccc04 acordion-descarcabile elementor-widget elementor-widget-accordion\" data-id=\"1fccc04\" data-element_type=\"widget\" data-e-type=\"widget\" data-widget_type=\"accordion.default\">\n\t\t\t\t<div class=\"elementor-widget-container\">\n\t\t\t\t\t\t\t<div class=\"elementor-accordion\">\n\t\t\t\t\t\t\t<div class=\"elementor-accordion-item\">\n\t\t\t\t\t<div id=\"elementor-tab-title-3331\" class=\"elementor-tab-title\" data-tab=\"1\" role=\"button\" aria-controls=\"elementor-tab-content-3331\" aria-expanded=\"false\">\n\t\t\t\t\t\t\t\t\t\t\t\t\t<span class=\"elementor-accordion-icon elementor-accordion-icon-right\" aria-hidden=\"true\">\n\t\t\t\t\t\t\t\t\t\t\t\t\t\t\t<span class=\"elementor-accordion-icon-closed\"><i class=\"fas fa-plus\"><\/i><\/span>\n\t\t\t\t\t\t\t\t<span class=\"elementor-accordion-icon-opened\"><i class=\"fas fa-minus\"><\/i><\/span>\n\t\t\t\t\t\t\t\t\t\t\t\t\t\t<\/span>\n\t\t\t\t\t\t\t\t\t\t\t\t<a class=\"elementor-accordion-title\" tabindex=\"0\">Lorem ipsum dolor sit amet<\/a>\n\t\t\t\t\t<\/div>\n\t\t\t\t\t<div id=\"elementor-tab-content-3331\" class=\"elementor-tab-content elementor-clearfix\" data-tab=\"1\" role=\"region\" aria-labelledby=\"elementor-tab-title-3331\"><ul><li><a href=\"https:\/\/vertical.ro\/wp-content\/uploads\/2023\/03\/test.pdf\">Raportul Lorem ipsum dolor sit amet 2005<\/a><\/li><li><a href=\"https:\/\/vertical.ro\/wp-content\/uploads\/2023\/03\/test.pdf\">Raportul Lorem ipsum dolor sit amet2006<\/a><\/li><li><a href=\"https:\/\/vertical.ro\/wp-content\/uploads\/2023\/03\/test.pdf\">Raportul Lorem ipsum dolor sit amet 2007<\/a><\/li><li><a href=\"https:\/\/vertical.ro\/wp-content\/uploads\/2023\/03\/test.pdf\">Raportul Lorem ipsum dolor sit amet 2008<\/a><\/li><li><a href=\"https:\/\/vertical.ro\/wp-content\/uploads\/2023\/03\/test.pdf\">Raportul Lorem ipsum dolor sit amet 2009 &#8211; 2010<\/a><\/li><\/ul><\/div>\n\t\t\t\t<\/div>\n\t\t\t\t\t\t\t<div class=\"elementor-accordion-item\">\n\t\t\t\t\t<div id=\"elementor-tab-title-3332\" class=\"elementor-tab-title\" data-tab=\"2\" role=\"button\" aria-controls=\"elementor-tab-content-3332\" aria-expanded=\"false\">\n\t\t\t\t\t\t\t\t\t\t\t\t\t<span class=\"elementor-accordion-icon elementor-accordion-icon-right\" aria-hidden=\"true\">\n\t\t\t\t\t\t\t\t\t\t\t\t\t\t\t<span class=\"elementor-accordion-icon-closed\"><i class=\"fas fa-plus\"><\/i><\/span>\n\t\t\t\t\t\t\t\t<span class=\"elementor-accordion-icon-opened\"><i class=\"fas fa-minus\"><\/i><\/span>\n\t\t\t\t\t\t\t\t\t\t\t\t\t\t<\/span>\n\t\t\t\t\t\t\t\t\t\t\t\t<a class=\"elementor-accordion-title\" tabindex=\"0\">Lorem ipsum dolor sit amet<\/a>\n\t\t\t\t\t<\/div>\n\t\t\t\t\t<div id=\"elementor-tab-content-3332\" class=\"elementor-tab-content elementor-clearfix\" data-tab=\"2\" role=\"region\" aria-labelledby=\"elementor-tab-title-3332\"><ul><li><a href=\"https:\/\/vertical.ro\/wp-content\/uploads\/2023\/03\/test.pdf\">Raportul Lorem ipsum dolor sit amet 2005<\/a><\/li><li><a href=\"https:\/\/vertical.ro\/wp-content\/uploads\/2023\/03\/test.pdf\">Raportul Lorem ipsum dolor sit amet2006<\/a><\/li><li><a href=\"https:\/\/vertical.ro\/wp-content\/uploads\/2023\/03\/test.pdf\">Raportul Lorem ipsum dolor sit amet 2007<\/a><\/li><li><a href=\"https:\/\/vertical.ro\/wp-content\/uploads\/2023\/03\/test.pdf\">Raportul Lorem ipsum dolor sit amet 2008<\/a><\/li><li><a href=\"https:\/\/vertical.ro\/wp-content\/uploads\/2023\/03\/test.pdf\">Raportul Lorem ipsum dolor sit amet 2009 &#8211; 2010<\/a><\/li><\/ul><\/div>\n\t\t\t\t<\/div>\n\t\t\t\t\t\t\t<div class=\"elementor-accordion-item\">\n\t\t\t\t\t<div id=\"elementor-tab-title-3333\" class=\"elementor-tab-title\" data-tab=\"3\" role=\"button\" aria-controls=\"elementor-tab-content-3333\" aria-expanded=\"false\">\n\t\t\t\t\t\t\t\t\t\t\t\t\t<span class=\"elementor-accordion-icon elementor-accordion-icon-right\" aria-hidden=\"true\">\n\t\t\t\t\t\t\t\t\t\t\t\t\t\t\t<span class=\"elementor-accordion-icon-closed\"><i class=\"fas fa-plus\"><\/i><\/span>\n\t\t\t\t\t\t\t\t<span class=\"elementor-accordion-icon-opened\"><i class=\"fas fa-minus\"><\/i><\/span>\n\t\t\t\t\t\t\t\t\t\t\t\t\t\t<\/span>\n\t\t\t\t\t\t\t\t\t\t\t\t<a class=\"elementor-accordion-title\" tabindex=\"0\">Lorem ipsum dolor sit amet<\/a>\n\t\t\t\t\t<\/div>\n\t\t\t\t\t<div id=\"elementor-tab-content-3333\" class=\"elementor-tab-content elementor-clearfix\" data-tab=\"3\" role=\"region\" aria-labelledby=\"elementor-tab-title-3333\"><ul><li><a href=\"https:\/\/vertical.ro\/wp-content\/uploads\/2023\/03\/test.pdf\">Raportul Lorem ipsum dolor sit amet 2005<\/a><\/li><li><a href=\"https:\/\/vertical.ro\/wp-content\/uploads\/2023\/03\/test.pdf\">Raportul Lorem ipsum dolor sit amet2006<\/a><\/li><li><a href=\"https:\/\/vertical.ro\/wp-content\/uploads\/2023\/03\/test.pdf\">Raportul Lorem ipsum dolor sit amet 2007<\/a><\/li><li><a href=\"https:\/\/vertical.ro\/wp-content\/uploads\/2023\/03\/test.pdf\">Raportul Lorem ipsum dolor sit amet 2008<\/a><\/li><li><a href=\"https:\/\/vertical.ro\/wp-content\/uploads\/2023\/03\/test.pdf\">Raportul Lorem ipsum dolor sit amet 2009 &#8211; 2010<\/a><\/li><\/ul><\/div>\n\t\t\t\t<\/div>\n\t\t\t\t\t\t\t\t<\/div>\n\t\t\t\t\t\t<\/div>\n\t\t\t\t<\/div>\n\t\t\t\t\t<\/div>\n\t\t<\/div>\n\t\t\t\t\t<\/div>\n\t\t<\/section>\n\t\t\t\t<\/div>\n\t\t","protected":false},"excerpt":{"rendered":"<p>Aplica\u021bia ta a fost trimis\u0103! Nu se poate trimite cererea dvs., v\u0103 rug\u0103m s\u0103 \u00eencerca\u021bi din nou mai t\u00e2rziu. Sunt de acord cu prelucrarea datelor personale conform Politicii de confiden\u021bialitate Lorem ipsum dolor sit amet Raportul Lorem ipsum dolor sit amet&#8230;<\/p>","protected":false},"author":1,"featured_media":0,"parent":0,"menu_order":0,"comment_status":"closed","ping_status":"closed","template":"","meta":{"footnotes":""},"class_list":["post-15633","page","type-page","status-publish","hentry"],"yoast_head":"<!-- This site is optimized with the Yoast SEO plugin v27.0 - https:\/\/yoast.com\/product\/yoast-seo-wordpress\/ -->\n<title>Resurse utile \u2013 Vertical Design<\/title>\n<meta name=\"description\" content=\"Descoper\u0103 sec\u021biunea noastr\u0103 de resurse, unde vei g\u0103si o gam\u0103 variat\u0103 de bro\u0219uri, cataloage \u0219i alte materiale valoroase. Exploreaz\u0103-le acum.\" \/>\n<meta name=\"robots\" content=\"index, follow, max-snippet:-1, max-image-preview:large, max-video-preview:-1\" \/>\n<link rel=\"canonical\" href=\"https:\/\/vertical.ro\/en\/resources\/\" \/>\n<meta property=\"og:locale\" content=\"en_US\" \/>\n<meta property=\"og:type\" content=\"article\" \/>\n<meta property=\"og:title\" content=\"Resurse utile \u2013 Vertical Design\" \/>\n<meta property=\"og:description\" content=\"Descoper\u0103 sec\u021biunea noastr\u0103 de resurse, unde vei g\u0103si o gam\u0103 variat\u0103 de bro\u0219uri, cataloage \u0219i alte materiale valoroase. Exploreaz\u0103-le acum.\" \/>\n<meta property=\"og:url\" content=\"https:\/\/vertical.ro\/en\/resources\/\" \/>\n<meta property=\"og:site_name\" content=\"Vertical Design\" \/>\n<meta property=\"article:publisher\" content=\"https:\/\/www.facebook.com\/verticaldesignsrl\" \/>\n<meta property=\"article:modified_time\" content=\"2023-07-06T11:20:58+00:00\" \/>\n<meta property=\"og:image\" content=\"https:\/\/vertical.ro\/wp-content\/uploads\/2025\/09\/Vertical-Logo.jpg\" \/>\n\t<meta property=\"og:image:width\" content=\"1200\" \/>\n\t<meta property=\"og:image:height\" content=\"700\" \/>\n\t<meta property=\"og:image:type\" content=\"image\/jpeg\" \/>\n<meta name=\"twitter:card\" content=\"summary_large_image\" \/>\n<meta name=\"twitter:label1\" content=\"Est. reading time\" \/>\n\t<meta name=\"twitter:data1\" content=\"1 minute\" \/>\n<script type=\"application\/ld+json\" class=\"yoast-schema-graph\">{\"@context\":\"https:\/\/schema.org\",\"@graph\":[{\"@type\":\"WebPage\",\"@id\":\"https:\/\/vertical.ro\/resurse\/\",\"url\":\"https:\/\/vertical.ro\/resurse\/\",\"name\":\"Resurse utile \u2013 Vertical Design\",\"isPartOf\":{\"@id\":\"https:\/\/vertical.ro\/#website\"},\"datePublished\":\"2023-03-30T07:33:51+00:00\",\"dateModified\":\"2023-07-06T11:20:58+00:00\",\"description\":\"Descoper\u0103 sec\u021biunea noastr\u0103 de resurse, unde vei g\u0103si o gam\u0103 variat\u0103 de bro\u0219uri, cataloage \u0219i alte materiale valoroase. Exploreaz\u0103-le acum.\",\"breadcrumb\":{\"@id\":\"https:\/\/vertical.ro\/resurse\/#breadcrumb\"},\"inLanguage\":\"en-US\",\"potentialAction\":[{\"@type\":\"ReadAction\",\"target\":[\"https:\/\/vertical.ro\/resurse\/\"]}]},{\"@type\":\"BreadcrumbList\",\"@id\":\"https:\/\/vertical.ro\/resurse\/#breadcrumb\",\"itemListElement\":[{\"@type\":\"ListItem\",\"position\":1,\"name\":\"Prima pagin\u0103\",\"item\":\"https:\/\/vertical.ro\/\"},{\"@type\":\"ListItem\",\"position\":2,\"name\":\"Resurse\"}]},{\"@type\":\"WebSite\",\"@id\":\"https:\/\/vertical.ro\/#website\",\"url\":\"https:\/\/vertical.ro\/\",\"name\":\"Vertical Design\",\"description\":\"\",\"publisher\":{\"@id\":\"https:\/\/vertical.ro\/#organization\"},\"potentialAction\":[{\"@type\":\"SearchAction\",\"target\":{\"@type\":\"EntryPoint\",\"urlTemplate\":\"https:\/\/vertical.ro\/?s={search_term_string}\"},\"query-input\":{\"@type\":\"PropertyValueSpecification\",\"valueRequired\":true,\"valueName\":\"search_term_string\"}}],\"inLanguage\":\"en-US\"},{\"@type\":\"Organization\",\"@id\":\"https:\/\/vertical.ro\/#organization\",\"name\":\"Vertical Design\",\"url\":\"https:\/\/vertical.ro\/\",\"logo\":{\"@type\":\"ImageObject\",\"inLanguage\":\"en-US\",\"@id\":\"https:\/\/vertical.ro\/#\/schema\/logo\/image\/\",\"url\":\"https:\/\/vertical.ro\/wp-content\/uploads\/2023\/02\/logo_vertical.png\",\"contentUrl\":\"https:\/\/vertical.ro\/wp-content\/uploads\/2023\/02\/logo_vertical.png\",\"width\":689,\"height\":330,\"caption\":\"Vertical Design\"},\"image\":{\"@id\":\"https:\/\/vertical.ro\/#\/schema\/logo\/image\/\"},\"sameAs\":[\"https:\/\/www.facebook.com\/verticaldesignsrl\"]}]}<\/script>\n<!-- \/ Yoast SEO plugin. -->","yoast_head_json":{"title":"Useful resources - Vertical Design","description":"Discover our resources section, where you will find a wide range of brochures, catalogs, and other valuable materials. Explore them now.","robots":{"index":"index","follow":"follow","max-snippet":"max-snippet:-1","max-image-preview":"max-image-preview:large","max-video-preview":"max-video-preview:-1"},"canonical":"https:\/\/vertical.ro\/en\/resources\/","og_locale":"en_US","og_type":"article","og_title":"Resurse utile \u2013 Vertical Design","og_description":"Descoper\u0103 sec\u021biunea noastr\u0103 de resurse, unde vei g\u0103si o gam\u0103 variat\u0103 de bro\u0219uri, cataloage \u0219i alte materiale valoroase. Exploreaz\u0103-le acum.","og_url":"https:\/\/vertical.ro\/en\/resources\/","og_site_name":"Vertical Design","article_publisher":"https:\/\/www.facebook.com\/verticaldesignsrl","article_modified_time":"2023-07-06T11:20:58+00:00","og_image":[{"width":1200,"height":700,"url":"https:\/\/vertical.ro\/wp-content\/uploads\/2025\/09\/Vertical-Logo.jpg","type":"image\/jpeg"}],"twitter_card":"summary_large_image","twitter_misc":{"Est. reading time":"1 minute"},"schema":{"@context":"https:\/\/schema.org","@graph":[{"@type":"WebPage","@id":"https:\/\/vertical.ro\/resurse\/","url":"https:\/\/vertical.ro\/resurse\/","name":"Useful resources - Vertical Design","isPartOf":{"@id":"https:\/\/vertical.ro\/#website"},"datePublished":"2023-03-30T07:33:51+00:00","dateModified":"2023-07-06T11:20:58+00:00","description":"Discover our resources section, where you will find a wide range of brochures, catalogs, and other valuable materials. Explore them now.","breadcrumb":{"@id":"https:\/\/vertical.ro\/resurse\/#breadcrumb"},"inLanguage":"en-US","potentialAction":[{"@type":"ReadAction","target":["https:\/\/vertical.ro\/resurse\/"]}]},{"@type":"BreadcrumbList","@id":"https:\/\/vertical.ro\/resurse\/#breadcrumb","itemListElement":[{"@type":"ListItem","position":1,"name":"Prima pagin\u0103","item":"https:\/\/vertical.ro\/"},{"@type":"ListItem","position":2,"name":"Resurse"}]},{"@type":"WebSite","@id":"https:\/\/vertical.ro\/#website","url":"https:\/\/vertical.ro\/","name":"Vertical Design","description":"","publisher":{"@id":"https:\/\/vertical.ro\/#organization"},"potentialAction":[{"@type":"SearchAction","target":{"@type":"EntryPoint","urlTemplate":"https:\/\/vertical.ro\/?s={search_term_string}"},"query-input":{"@type":"PropertyValueSpecification","valueRequired":true,"valueName":"search_term_string"}}],"inLanguage":"en-US"},{"@type":"Organization","@id":"https:\/\/vertical.ro\/#organization","name":"Vertical Design","url":"https:\/\/vertical.ro\/","logo":{"@type":"ImageObject","inLanguage":"en-US","@id":"https:\/\/vertical.ro\/#\/schema\/logo\/image\/","url":"https:\/\/vertical.ro\/wp-content\/uploads\/2023\/02\/logo_vertical.png","contentUrl":"https:\/\/vertical.ro\/wp-content\/uploads\/2023\/02\/logo_vertical.png","width":689,"height":330,"caption":"Vertical Design"},"image":{"@id":"https:\/\/vertical.ro\/#\/schema\/logo\/image\/"},"sameAs":["https:\/\/www.facebook.com\/verticaldesignsrl"]}]}},"_links":{"self":[{"href":"https:\/\/vertical.ro\/en\/wp-json\/wp\/v2\/pages\/15633","targetHints":{"allow":["GET"]}}],"collection":[{"href":"https:\/\/vertical.ro\/en\/wp-json\/wp\/v2\/pages"}],"about":[{"href":"https:\/\/vertical.ro\/en\/wp-json\/wp\/v2\/types\/page"}],"author":[{"embeddable":true,"href":"https:\/\/vertical.ro\/en\/wp-json\/wp\/v2\/users\/1"}],"replies":[{"embeddable":true,"href":"https:\/\/vertical.ro\/en\/wp-json\/wp\/v2\/comments?post=15633"}],"version-history":[{"count":47,"href":"https:\/\/vertical.ro\/en\/wp-json\/wp\/v2\/pages\/15633\/revisions"}],"predecessor-version":[{"id":18313,"href":"https:\/\/vertical.ro\/en\/wp-json\/wp\/v2\/pages\/15633\/revisions\/18313"}],"wp:attachment":[{"href":"https:\/\/vertical.ro\/en\/wp-json\/wp\/v2\/media?parent=15633"}],"curies":[{"name":"wp","href":"https:\/\/api.w.org\/{rel}","templated":true}]}}