{"id":22019,"date":"2026-03-20T16:34:07","date_gmt":"2026-03-20T14:34:07","guid":{"rendered":"https:\/\/vertical.ro\/?page_id=22019"},"modified":"2026-03-20T17:28:25","modified_gmt":"2026-03-20T15:28:25","slug":"fonduri-ptj","status":"publish","type":"page","link":"https:\/\/vertical.ro\/en\/fonduri-ptj\/","title":{"rendered":"Fonduri PTJ"},"content":{"rendered":"<figure class=\"wp-block-image size-large\"><img fetchpriority=\"high\" decoding=\"async\" width=\"1024\" height=\"87\" src=\"https:\/\/vertical.ro\/wp-content\/uploads\/2026\/03\/logo-UE_NextGEN_Guv.-RO_PNRR_COLOR_RGB_A4-1024x87.png\" alt=\"\" class=\"wp-image-22022\" srcset=\"https:\/\/vertical.ro\/wp-content\/uploads\/2026\/03\/logo-UE_NextGEN_Guv.-RO_PNRR_COLOR_RGB_A4-1024x87.png 1024w, https:\/\/vertical.ro\/wp-content\/uploads\/2026\/03\/logo-UE_NextGEN_Guv.-RO_PNRR_COLOR_RGB_A4-300x25.png 300w, https:\/\/vertical.ro\/wp-content\/uploads\/2026\/03\/logo-UE_NextGEN_Guv.-RO_PNRR_COLOR_RGB_A4-768x65.png 768w, https:\/\/vertical.ro\/wp-content\/uploads\/2026\/03\/logo-UE_NextGEN_Guv.-RO_PNRR_COLOR_RGB_A4-1536x130.png 1536w, https:\/\/vertical.ro\/wp-content\/uploads\/2026\/03\/logo-UE_NextGEN_Guv.-RO_PNRR_COLOR_RGB_A4-18x2.png 18w, https:\/\/vertical.ro\/wp-content\/uploads\/2026\/03\/logo-UE_NextGEN_Guv.-RO_PNRR_COLOR_RGB_A4.png 2040w\" sizes=\"(max-width: 1024px) 100vw, 1024px\" \/><\/figure>\n\n\n\n<p><strong>Titlu pagin\u0103: Proiect finan\u021bat prin Programul Tranzi\u021bie Just\u0103 \u2013 VERTICAL DESIGN SRL<\/strong><br><strong>Proiect: Realizarea de investi\u021bii pentru dezvoltarea societ\u0103\u021bii SC VERTICAL DESIGN SRL \u00een scopul sprijinirii cre\u0219terii durabile \u0219i crearea de noi locuri de munc\u0103<\/strong><br><strong>Cod SMIS:<\/strong> 324804<br><strong>Beneficiar:<\/strong> VERTICAL DESIGN SRL<br><strong>Program de finan\u021bare:<\/strong> Programul Tranzi\u021bie Just\u0103 2021\u20132027<br><strong>Componenta:<\/strong> Investi\u021bii pentru dezvoltarea IMM care sprijin\u0103 cre\u0219terea durabil\u0103 \u0219i crearea de locuri de munc\u0103<br><strong>Locul de implementare:<\/strong><br>Municipiul Ploie\u0219ti, jude\u021bul Prahova, \u0218oseaua Ploie\u0219ti\u2013T\u00e2rgovi\u0219te, km 8, camera 1, parter, cl\u0103dirile C1 \u0219i C2.<br><strong>Perioada de implementare:<\/strong><br>Proiectul este implementat \u00een perioada 12.05.2025 \u2013 30.04.2026 \u0219i are o durat\u0103 de 12 luni.<br><br><strong>Scurt\u0103 descriere a proiectului<\/strong><br>Proiectul \u201eRealizarea de investi\u021bii pentru dezvoltarea societ\u0103\u021bii SC VERTICAL DESIGN SRL \u00een scopul sprijinirii cre\u0219terii durabile \u0219i crearea de noi locuri de munc\u0103\u201d este implementat de societatea VERTICAL DESIGN SRL \u00een cadrul Programului Tranzi\u021bie Just\u0103 2021\u20132027 \u0219i are ca scop dezvoltarea capacit\u0103\u021bii productive a societ\u0103\u021bii \u0219i diversificarea procesului de produc\u021bie prin introducerea de echipamente moderne \u0219i tehnologii performante.<br>Prin realizarea investi\u021biei, societatea urm\u0103re\u0219te extinderea portofoliului de produse fabricate \u0219i cre\u0219terea competitivit\u0103\u021bii pe pia\u021ba construc\u021biilor, prin dezvoltarea produc\u021biei de u\u0219i din lemn, u\u0219i metalice \u0219i u\u0219i mixte lemn-metal, destinate at\u00e2t sectorului reziden\u021bial, c\u00e2t \u0219i celui comercial \u0219i industrial. Activitatea societ\u0103\u021bii este realizat\u0103 \u00een domeniul fabric\u0103rii elementelor de dulgherie \u0219i t\u00e2mpl\u0103rie pentru construc\u021bii, conform codului CAEN 1623, activitate completat\u0103 prin dezvoltarea produc\u021biei de u\u0219i \u0219i componente metalice conform codului CAEN 2512.\u00a0<br>Proiectul contribuie la dezvoltarea economic\u0103 a jude\u021bului Prahova \u0219i la consolidarea capacit\u0103\u021bii productive a societ\u0103\u021bii prin investi\u021bii \u00een echipamente moderne, digitalizarea fluxului de produc\u021bie \u0219i crearea de noi locuri de munc\u0103.<br>Proiectul beneficiaz\u0103 de <strong>sprijin financiar din partea Uniunii Europene<\/strong>, prin Fondul pentru o Tranzi\u021bie Just\u0103.<br><strong>Obiectivul general<\/strong> al proiectului const\u0103 \u00een sprijinirea antreprenoriatului durabil, diversificarea activit\u0103\u021bilor VERTICAL DESIGN SRL la nivelul jude\u021bului Prahova, contribuind la crearea \u0219i men\u021binerea de locuri de munc\u0103 sustenabile din punct de vedere al mediului, rezultate din diversificarea procesului de produc\u021bie al societ\u0103\u021bii.<br><br><strong>Scopul proiectului<\/strong> const\u0103 \u00een <strong>diversificarea procesului de produc\u021bie al societ\u0103\u021bii<\/strong>, prin achizi\u021bia de echipamente \u0219i active performante, care vor permite cre\u0219terea competitivit\u0103\u021bii, digitalizarea fluxului de produc\u021bie \u0219i crearea de noi locuri de munc\u0103, contribuind astfel la <strong>revitalizarea economic\u0103 a regiunii afectate de tranzi\u021bia energetic\u0103<\/strong>.<br><br><strong>Obiective specifice ale proiectului<\/strong><br>\u2022 Achizi\u021bionarea de echipamente performante \u00een vederea diversific\u0103rii produc\u021biei prin produse care nu au fost fabricate anterior \u00een unitate;<br>\u2022 Crearea a 14 locuri de munc\u0103 durabile;<br>\u2022 Formarea, perfec\u021bionarea \u0219i recalificarea a unui numar de 6 persoane afectate de tranzi\u021bia c\u0103tre o economie neutr\u0103 din punct de vedere climatic.<\/p>\n\n\n\n<p><strong>Rezultatele preconizate ale proiectului<\/strong><br>Implementarea proiectului va conduce la:<br>\u2022 Dotarea societ\u0103\u021bii cu echipamente moderne \u0219i tehnologii verzi \u00een scopul diversific\u0103rii procesului de produc\u021bie;<br>\u2022 \u00cenfiin\u021barea a 5 noi locuri de munc\u0103 durabile;<br>\u2022 Diversificarea produc\u021biei \u0219i implicit a activit\u0103\u021bilor economice ale societ\u0103\u021bii;<br>\u2022 \u00cembun\u0103t\u0103\u021birea performan\u021bei de mediu \u0219i reducerea emisiilor asociate proceselor productive.<\/p>\n\n\n\n<p>Prin implementarea proiectului se urm\u0103re\u0219te cre\u0219terea competitivit\u0103\u021bii societ\u0103\u021bii pe pia\u021b\u0103 \u0219i consolidarea pozi\u021biei acesteia \u00een sectorul produc\u021biei de elemente de t\u00e2mpl\u0103rie \u0219i produse pentru construc\u021bii.<br><br><strong><strong>Valoarea proiectului<\/strong><\/strong><br>Valoarea total\u0103 a proiectului este de <strong>12.666.790,83 lei<\/strong>.<br>Valoarea total\u0103 a finan\u021b\u0103rii nerambursabile este de <strong>7.262.679,05 lei<\/strong>, reprezent\u00e2nd 75,73% din valoarea eligibil\u0103 aprobat\u0103, din care:<br>\u2022 <strong>6.173.277,19 lei<\/strong> \u2013 contribu\u021bia Fondului pentru o Tranzi\u021bie Just\u0103<br>\u2022 <strong>1.089.401,86 lei<\/strong> \u2013 contribu\u021bia din bugetul na\u021bional<\/p>\n\n\n\n<p><strong>Impactul proiectului<\/strong><br>Proiectul contribuie la <strong>reconversia economic\u0103 a unei zone vulnerabile<\/strong> din jude\u021bul Prahova, aflat\u0103 \u00een proces de tranzi\u021bie de la o economie cu emisii ridicate de carbon c\u0103tre una verde \u0219i sustenabil\u0103. Prin investi\u021bia realizat\u0103, se creeaz\u0103 <strong>locuri de munc\u0103 durabile<\/strong>, se introduc tehnologii moderne cu impact redus asupra mediului \u0219i se stimuleaz\u0103 <strong>dezvoltarea unei economii locale reziliente<\/strong>. Implementarea proiectului sprijin\u0103 obiectivele Programului Tranzi\u021bie Just\u0103, contribuind la <strong>reducerea efectelor sociale \u0219i economice ale decarboniz\u0103rii<\/strong> \u0219i la consolidarea coeziunii teritoriale prin atragerea de investi\u021bii verzi \u00een regiune.<br><br><strong>Anun\u021buri \u0219i comunicate<\/strong><br>\u2022 <a href=\"https:\/\/infoafaceri.ro\/anunt-de-presa-privind-inceperea-implementarii-proiectului-realizarea-de-investitii-pentru-dezvoltarea-societatii-sc-vertical-design-srl-in-scopul-sprijinirii-cresterii-durabile-si-crearea-de\/\">Comunicat de pres\u0103 <\/a>\u2013 \u00eencepere proiect<br><\/p>\n\n\n\n<p><strong>Informa\u021bii suplimentare despre programele finan\u021bate de Uniunea European\u0103<\/strong><br>Pentru informa\u021bii detaliate, v\u0103 invit\u0103m s\u0103 accesa\u021bi urm\u0103toarele link- uri: <a href=\"https:\/\/l.facebook.com\/l.php?u=https%3A%2F%2Fmfe.gov.ro%2F%3Ffbclid%3DIwZXh0bgNhZW0CMTAAYnJpZBEwUjdoRHZtVlhXcnpRTlk4OXNydGMGYXBwX2lkEDIyMjAzOTE3ODgyMDA4OTIAAR596NUxm4IOWdtfI8ESUKKxPsx-3tU198x3H9-sFnwf-XiSGY-5gDX64VbwAw_aem_bNnImM0kn7nfl83uduJo2A&amp;h=AT4cg42D0ZDO6xOCXUVWB3a-FctYjlOHA3pPLuF2niCPFlr-z5druia764BQpcbqebLdN7qn5ugJrXcHNGRxcL3qgRra1igwFvPxOFm5sYEcC3pfNfA7oWNlitM0VFR1SJEFU49klDgS2fBDmA&amp;__tn__=-UK-R&amp;c%5b0%5d=AT5g41nA18KWYU5iOU69PA7Lc2w5Xq5XQVQOjGhKBg_QZ54D1kUFkHAEifqHBaVBdT8JxvRmXLzXZbZ_doZCTS-B2u51iECkxAQhJXxKqX3IuxR-PiWaDc-GwPra2gdn35NRPVh74zUltRJks9ZzyEVxF3_SpUblay7lKg3LAY3LzNzTj_FeGbbmZ6hv\"><strong>https:\/\/mfe.gov.ro<\/strong><\/a> \u0219i <a href=\"https:\/\/mfe.gov.ro\/ptj\/despre-program-programare\/?fbclid=IwZXh0bgNhZW0CMTAAYnJpZBEwUjdoRHZtVlhXcnpRTlk4OXNydGMGYXBwX2lkEDIyMjAzOTE3ODgyMDA4OTIAAR6H3RihaGyotcSIsg0kavDeDrLxVVJD2BchlQNtV6gPTuYKB2o658XTmL-3Pg_aem_Wg_VX-ccpYGH9K4RXdf7Rw\"><strong>https:\/\/mfe.gov.ro\/ptj\/despre-program-programare\/<\/strong><\/a><br><br><strong>Contact<\/strong><br>VERTICAL DESIGN SRL<br>Reprezentant: Florin-Mihail Secar\u0103<br>Telefon: 0722 151 717<br>Email: florin.secara@vertical.ro<br><br><strong><em>Not\u0103:<\/em><\/strong><em><br>Con\u021binutul acestei pagini nu reprezint\u0103 \u00een mod obligatoriu pozi\u021bia oficial\u0103 a Uniunii Europene sau a Guvernului Rom\u00e2niei.<\/em><\/p>","protected":false},"excerpt":{"rendered":"<p>Titlu pagin\u0103: Proiect finan\u021bat prin Programul Tranzi\u021bie Just\u0103 \u2013 VERTICAL DESIGN SRLProiect: Realizarea de investi\u021bii pentru dezvoltarea societ\u0103\u021bii SC VERTICAL DESIGN SRL \u00een scopul sprijinirii cre\u0219terii durabile \u0219i crearea de noi locuri de munc\u0103Cod SMIS: 324804Beneficiar: VERTICAL DESIGN SRLProgram de finan\u021bare:&#8230;<\/p>","protected":false},"author":1,"featured_media":0,"parent":0,"menu_order":0,"comment_status":"closed","ping_status":"closed","template":"","meta":{"footnotes":""},"class_list":["post-22019","page","type-page","status-publish","hentry"],"yoast_head":"<!-- This site is optimized with the Yoast SEO plugin v27.0 - https:\/\/yoast.com\/product\/yoast-seo-wordpress\/ -->\n<title>Fonduri PTJ - Vertical Design<\/title>\n<meta name=\"robots\" content=\"index, follow, max-snippet:-1, max-image-preview:large, max-video-preview:-1\" \/>\n<link rel=\"canonical\" href=\"https:\/\/vertical.ro\/en\/fonduri-ptj\/\" \/>\n<meta property=\"og:locale\" content=\"en_US\" \/>\n<meta property=\"og:type\" content=\"article\" \/>\n<meta property=\"og:title\" content=\"Fonduri PTJ - Vertical Design\" \/>\n<meta property=\"og:description\" content=\"Titlu pagin\u0103: Proiect finan\u021bat prin Programul Tranzi\u021bie Just\u0103 \u2013 VERTICAL DESIGN SRLProiect: Realizarea de investi\u021bii pentru dezvoltarea societ\u0103\u021bii SC VERTICAL DESIGN SRL \u00een scopul sprijinirii cre\u0219terii durabile \u0219i crearea de noi locuri de munc\u0103Cod SMIS: 324804Beneficiar: VERTICAL DESIGN SRLProgram de finan\u021bare:...\" \/>\n<meta property=\"og:url\" content=\"https:\/\/vertical.ro\/en\/fonduri-ptj\/\" \/>\n<meta property=\"og:site_name\" content=\"Vertical Design\" \/>\n<meta property=\"article:publisher\" content=\"https:\/\/www.facebook.com\/verticaldesignsrl\" \/>\n<meta property=\"article:modified_time\" content=\"2026-03-20T15:28:25+00:00\" \/>\n<meta property=\"og:image\" content=\"https:\/\/vertical.ro\/wp-content\/uploads\/2025\/09\/Vertical-Logo.jpg\" \/>\n\t<meta property=\"og:image:width\" content=\"2040\" \/>\n\t<meta property=\"og:image:height\" content=\"173\" \/>\n\t<meta property=\"og:image:type\" content=\"image\/png\" \/>\n<meta name=\"twitter:card\" content=\"summary_large_image\" \/>\n<meta name=\"twitter:label1\" content=\"Est. reading time\" \/>\n\t<meta name=\"twitter:data1\" content=\"4 minutes\" \/>\n<script type=\"application\/ld+json\" class=\"yoast-schema-graph\">{\"@context\":\"https:\/\/schema.org\",\"@graph\":[{\"@type\":\"WebPage\",\"@id\":\"https:\/\/vertical.ro\/fonduri-ptj\/\",\"url\":\"https:\/\/vertical.ro\/fonduri-ptj\/\",\"name\":\"Fonduri PTJ - Vertical Design\",\"isPartOf\":{\"@id\":\"https:\/\/vertical.ro\/#website\"},\"primaryImageOfPage\":{\"@id\":\"https:\/\/vertical.ro\/fonduri-ptj\/#primaryimage\"},\"image\":{\"@id\":\"https:\/\/vertical.ro\/fonduri-ptj\/#primaryimage\"},\"thumbnailUrl\":\"https:\/\/vertical.ro\/wp-content\/uploads\/2026\/03\/logo-UE_NextGEN_Guv.-RO_PNRR_COLOR_RGB_A4-1024x87.png\",\"datePublished\":\"2026-03-20T14:34:07+00:00\",\"dateModified\":\"2026-03-20T15:28:25+00:00\",\"breadcrumb\":{\"@id\":\"https:\/\/vertical.ro\/fonduri-ptj\/#breadcrumb\"},\"inLanguage\":\"en-US\",\"potentialAction\":[{\"@type\":\"ReadAction\",\"target\":[\"https:\/\/vertical.ro\/fonduri-ptj\/\"]}]},{\"@type\":\"ImageObject\",\"inLanguage\":\"en-US\",\"@id\":\"https:\/\/vertical.ro\/fonduri-ptj\/#primaryimage\",\"url\":\"https:\/\/vertical.ro\/wp-content\/uploads\/2026\/03\/logo-UE_NextGEN_Guv.-RO_PNRR_COLOR_RGB_A4-1024x87.png\",\"contentUrl\":\"https:\/\/vertical.ro\/wp-content\/uploads\/2026\/03\/logo-UE_NextGEN_Guv.-RO_PNRR_COLOR_RGB_A4-1024x87.png\"},{\"@type\":\"BreadcrumbList\",\"@id\":\"https:\/\/vertical.ro\/fonduri-ptj\/#breadcrumb\",\"itemListElement\":[{\"@type\":\"ListItem\",\"position\":1,\"name\":\"Prima pagin\u0103\",\"item\":\"https:\/\/vertical.ro\/\"},{\"@type\":\"ListItem\",\"position\":2,\"name\":\"Fonduri PTJ\"}]},{\"@type\":\"WebSite\",\"@id\":\"https:\/\/vertical.ro\/#website\",\"url\":\"https:\/\/vertical.ro\/\",\"name\":\"Vertical Design\",\"description\":\"\",\"publisher\":{\"@id\":\"https:\/\/vertical.ro\/#organization\"},\"potentialAction\":[{\"@type\":\"SearchAction\",\"target\":{\"@type\":\"EntryPoint\",\"urlTemplate\":\"https:\/\/vertical.ro\/?s={search_term_string}\"},\"query-input\":{\"@type\":\"PropertyValueSpecification\",\"valueRequired\":true,\"valueName\":\"search_term_string\"}}],\"inLanguage\":\"en-US\"},{\"@type\":\"Organization\",\"@id\":\"https:\/\/vertical.ro\/#organization\",\"name\":\"Vertical Design\",\"url\":\"https:\/\/vertical.ro\/\",\"logo\":{\"@type\":\"ImageObject\",\"inLanguage\":\"en-US\",\"@id\":\"https:\/\/vertical.ro\/#\/schema\/logo\/image\/\",\"url\":\"https:\/\/vertical.ro\/wp-content\/uploads\/2023\/02\/logo_vertical.png\",\"contentUrl\":\"https:\/\/vertical.ro\/wp-content\/uploads\/2023\/02\/logo_vertical.png\",\"width\":689,\"height\":330,\"caption\":\"Vertical Design\"},\"image\":{\"@id\":\"https:\/\/vertical.ro\/#\/schema\/logo\/image\/\"},\"sameAs\":[\"https:\/\/www.facebook.com\/verticaldesignsrl\"]}]}<\/script>\n<!-- \/ Yoast SEO plugin. -->","yoast_head_json":{"title":"Fonduri PTJ - Vertical Design","robots":{"index":"index","follow":"follow","max-snippet":"max-snippet:-1","max-image-preview":"max-image-preview:large","max-video-preview":"max-video-preview:-1"},"canonical":"https:\/\/vertical.ro\/en\/fonduri-ptj\/","og_locale":"en_US","og_type":"article","og_title":"Fonduri PTJ - Vertical Design","og_description":"Titlu pagin\u0103: Proiect finan\u021bat prin Programul Tranzi\u021bie Just\u0103 \u2013 VERTICAL DESIGN SRLProiect: Realizarea de investi\u021bii pentru dezvoltarea societ\u0103\u021bii SC VERTICAL DESIGN SRL \u00een scopul sprijinirii cre\u0219terii durabile \u0219i crearea de noi locuri de munc\u0103Cod SMIS: 324804Beneficiar: VERTICAL DESIGN SRLProgram de finan\u021bare:...","og_url":"https:\/\/vertical.ro\/en\/fonduri-ptj\/","og_site_name":"Vertical Design","article_publisher":"https:\/\/www.facebook.com\/verticaldesignsrl","article_modified_time":"2026-03-20T15:28:25+00:00","og_image":[{"width":2040,"height":173,"url":"https:\/\/vertical.ro\/wp-content\/uploads\/2025\/09\/Vertical-Logo.jpg","type":"image\/png"}],"twitter_card":"summary_large_image","twitter_misc":{"Est. reading time":"4 minutes"},"schema":{"@context":"https:\/\/schema.org","@graph":[{"@type":"WebPage","@id":"https:\/\/vertical.ro\/fonduri-ptj\/","url":"https:\/\/vertical.ro\/fonduri-ptj\/","name":"Fonduri PTJ - Vertical Design","isPartOf":{"@id":"https:\/\/vertical.ro\/#website"},"primaryImageOfPage":{"@id":"https:\/\/vertical.ro\/fonduri-ptj\/#primaryimage"},"image":{"@id":"https:\/\/vertical.ro\/fonduri-ptj\/#primaryimage"},"thumbnailUrl":"https:\/\/vertical.ro\/wp-content\/uploads\/2026\/03\/logo-UE_NextGEN_Guv.-RO_PNRR_COLOR_RGB_A4-1024x87.png","datePublished":"2026-03-20T14:34:07+00:00","dateModified":"2026-03-20T15:28:25+00:00","breadcrumb":{"@id":"https:\/\/vertical.ro\/fonduri-ptj\/#breadcrumb"},"inLanguage":"en-US","potentialAction":[{"@type":"ReadAction","target":["https:\/\/vertical.ro\/fonduri-ptj\/"]}]},{"@type":"ImageObject","inLanguage":"en-US","@id":"https:\/\/vertical.ro\/fonduri-ptj\/#primaryimage","url":"https:\/\/vertical.ro\/wp-content\/uploads\/2026\/03\/logo-UE_NextGEN_Guv.-RO_PNRR_COLOR_RGB_A4-1024x87.png","contentUrl":"https:\/\/vertical.ro\/wp-content\/uploads\/2026\/03\/logo-UE_NextGEN_Guv.-RO_PNRR_COLOR_RGB_A4-1024x87.png"},{"@type":"BreadcrumbList","@id":"https:\/\/vertical.ro\/fonduri-ptj\/#breadcrumb","itemListElement":[{"@type":"ListItem","position":1,"name":"Prima pagin\u0103","item":"https:\/\/vertical.ro\/"},{"@type":"ListItem","position":2,"name":"Fonduri PTJ"}]},{"@type":"WebSite","@id":"https:\/\/vertical.ro\/#website","url":"https:\/\/vertical.ro\/","name":"Vertical Design","description":"","publisher":{"@id":"https:\/\/vertical.ro\/#organization"},"potentialAction":[{"@type":"SearchAction","target":{"@type":"EntryPoint","urlTemplate":"https:\/\/vertical.ro\/?s={search_term_string}"},"query-input":{"@type":"PropertyValueSpecification","valueRequired":true,"valueName":"search_term_string"}}],"inLanguage":"en-US"},{"@type":"Organization","@id":"https:\/\/vertical.ro\/#organization","name":"Vertical Design","url":"https:\/\/vertical.ro\/","logo":{"@type":"ImageObject","inLanguage":"en-US","@id":"https:\/\/vertical.ro\/#\/schema\/logo\/image\/","url":"https:\/\/vertical.ro\/wp-content\/uploads\/2023\/02\/logo_vertical.png","contentUrl":"https:\/\/vertical.ro\/wp-content\/uploads\/2023\/02\/logo_vertical.png","width":689,"height":330,"caption":"Vertical Design"},"image":{"@id":"https:\/\/vertical.ro\/#\/schema\/logo\/image\/"},"sameAs":["https:\/\/www.facebook.com\/verticaldesignsrl"]}]}},"_links":{"self":[{"href":"https:\/\/vertical.ro\/en\/wp-json\/wp\/v2\/pages\/22019","targetHints":{"allow":["GET"]}}],"collection":[{"href":"https:\/\/vertical.ro\/en\/wp-json\/wp\/v2\/pages"}],"about":[{"href":"https:\/\/vertical.ro\/en\/wp-json\/wp\/v2\/types\/page"}],"author":[{"embeddable":true,"href":"https:\/\/vertical.ro\/en\/wp-json\/wp\/v2\/users\/1"}],"replies":[{"embeddable":true,"href":"https:\/\/vertical.ro\/en\/wp-json\/wp\/v2\/comments?post=22019"}],"version-history":[{"count":5,"href":"https:\/\/vertical.ro\/en\/wp-json\/wp\/v2\/pages\/22019\/revisions"}],"predecessor-version":[{"id":22032,"href":"https:\/\/vertical.ro\/en\/wp-json\/wp\/v2\/pages\/22019\/revisions\/22032"}],"wp:attachment":[{"href":"https:\/\/vertical.ro\/en\/wp-json\/wp\/v2\/media?parent=22019"}],"curies":[{"name":"wp","href":"https:\/\/api.w.org\/{rel}","templated":true}]}}